{"id":56,"date":"2022-09-18T11:53:44","date_gmt":"2022-09-18T11:53:44","guid":{"rendered":"https:\/\/larella-arts.de\/?page_id=56"},"modified":"2022-10-22T12:11:09","modified_gmt":"2022-10-22T12:11:09","slug":"auftrage","status":"publish","type":"page","link":"https:\/\/larella-arts.de\/index.php\/auftrage\/","title":{"rendered":"Auftr\u00e4ge"},"content":{"rendered":"\n<h4 class=\"wp-block-heading\"><strong>Welche Auftragsarbeiten werden angeboten?<\/strong><\/h4>\n\n\n\n<ul><li>Acrylmalerei auf Leinwand<\/li><li>Glasmalerei auf Acrylplatten (Rechteckig oder Rund)<\/li><li>Macram\u00e9 Arbeiten<\/li><li>Handgearbeitete Stickbilder<\/li><li>Zeichnungen<\/li><\/ul>\n\n\n\n<h4 class=\"wp-block-heading\"><strong>Wie gebe ich einen Auftrag?<\/strong><\/h4>\n\n\n\n<p>Um einen Auftrag bei mir in Bestellung zu geben, nehmen Sie bitte per Email oder Instagram Kontakt zu mir auf. Das Motiv bzw. das gew\u00fcnschte Produkt wird gemeinsam besprochen und ich gebe Ihnen dann eine Preisangabe, wieviel das gew\u00fcnschte Produkt kosten wird.<\/p>\n\n\n\n<h4 class=\"wp-block-heading\"><strong>Wie lange dauert die Fertigstellung?<\/strong><\/h4>\n\n\n\n<p>Da ich Vollzeit arbeite, kann es sein das der Auftrag zwischen 2-6 Wochen ben\u00f6tigt um fertiggestellt zu werden. Wenn Sie mit der Preiskalkulation einverstanden sind, nehme ich die H\u00e4lfte des Preises als Anzahlung. Bei Fertigstellung wird der Restbetrag gezahlt und das Produkt kommt zu Ihnen &lt;3<\/p>\n\n\n\n<h4 class=\"wp-block-heading\"><strong>Beispielbestellung<\/strong> <strong>(Anhand von Stickbildern)<\/strong><\/h4>\n\n\n\n<p>Die Stickbilder k\u00f6nnen in 3 Preiskategorien geteilt werden<\/p>\n\n\n\n<figure class=\"wp-block-image size-large\"><img loading=\"lazy\" decoding=\"async\" width=\"768\" height=\"1024\" src=\"https:\/\/larella-arts.de\/wp-content\/uploads\/2022\/10\/berg-768x1024.jpg\" alt=\"\" class=\"wp-image-97\" srcset=\"https:\/\/larella-arts.de\/wp-content\/uploads\/2022\/10\/berg-768x1024.jpg 768w, https:\/\/larella-arts.de\/wp-content\/uploads\/2022\/10\/berg-225x300.jpg 225w, https:\/\/larella-arts.de\/wp-content\/uploads\/2022\/10\/berg-1152x1536.jpg 1152w, https:\/\/larella-arts.de\/wp-content\/uploads\/2022\/10\/berg.jpg 1500w\" sizes=\"(max-width: 768px) 100vw, 768px\" \/><figcaption>Motiv nur mit \u201eOutlines\u201c<\/figcaption><\/figure>\n\n\n\n<figure class=\"wp-block-image size-large\"><img loading=\"lazy\" decoding=\"async\" width=\"1024\" height=\"1024\" src=\"https:\/\/larella-arts.de\/wp-content\/uploads\/2022\/10\/anime2-1024x1024.jpg\" alt=\"\" class=\"wp-image-100\" srcset=\"https:\/\/larella-arts.de\/wp-content\/uploads\/2022\/10\/anime2-1024x1024.jpg 1024w, https:\/\/larella-arts.de\/wp-content\/uploads\/2022\/10\/anime2-300x300.jpg 300w, https:\/\/larella-arts.de\/wp-content\/uploads\/2022\/10\/anime2-150x150.jpg 150w, https:\/\/larella-arts.de\/wp-content\/uploads\/2022\/10\/anime2-768x768.jpg 768w, https:\/\/larella-arts.de\/wp-content\/uploads\/2022\/10\/anime2-1536x1536.jpg 1536w, https:\/\/larella-arts.de\/wp-content\/uploads\/2022\/10\/anime2.jpg 2048w\" sizes=\"(max-width: 1024px) 100vw, 1024px\" \/><figcaption>Voll coloriert <strong>OHNE <\/strong>Hintergrund<\/figcaption><\/figure>\n\n\n\n<figure class=\"wp-block-image size-large\"><img loading=\"lazy\" decoding=\"async\" width=\"768\" height=\"1024\" src=\"https:\/\/larella-arts.de\/wp-content\/uploads\/2022\/10\/anime-768x1024.jpg\" alt=\"\" class=\"wp-image-99\" srcset=\"https:\/\/larella-arts.de\/wp-content\/uploads\/2022\/10\/anime-768x1024.jpg 768w, https:\/\/larella-arts.de\/wp-content\/uploads\/2022\/10\/anime-225x300.jpg 225w, https:\/\/larella-arts.de\/wp-content\/uploads\/2022\/10\/anime-1152x1536.jpg 1152w, https:\/\/larella-arts.de\/wp-content\/uploads\/2022\/10\/anime.jpg 1500w\" sizes=\"(max-width: 768px) 100vw, 768px\" \/><figcaption>Voll coloriert <strong>MIT<\/strong> Aquarell Hintergrund<\/figcaption><\/figure>\n\n\n\n<p>Es muss nat\u00fcrlich kein \u201eAnime\u201c Motiv sein, florale oder allt\u00e4gliche Motive w\u00e4ren auch m\u00f6glich.<\/p>\n\n\n\n<figure class=\"wp-block-image size-large\"><img loading=\"lazy\" decoding=\"async\" width=\"819\" height=\"1024\" src=\"https:\/\/larella-arts.de\/wp-content\/uploads\/2022\/10\/bild-819x1024.jpg\" alt=\"\" class=\"wp-image-98\" srcset=\"https:\/\/larella-arts.de\/wp-content\/uploads\/2022\/10\/bild-819x1024.jpg 819w, https:\/\/larella-arts.de\/wp-content\/uploads\/2022\/10\/bild-240x300.jpg 240w, https:\/\/larella-arts.de\/wp-content\/uploads\/2022\/10\/bild-768x960.jpg 768w, https:\/\/larella-arts.de\/wp-content\/uploads\/2022\/10\/bild.jpg 1080w\" sizes=\"(max-width: 819px) 100vw, 819px\" \/><\/figure>\n\n\n\n<p>Je nach gew\u00fcnschtem Auftrag und Variante, kann es sein, dass der Endpreis des Produktes sehr variieren kann. Selbstverst\u00e4ndlich ist ein Stickbild mit der ersten Variante g\u00fcnstiger, als eines in der dritten, da f\u00fcr so ein Motiv wesentlich mehr Zeitaufwand und Material ben\u00f6tigt wird.<\/p>\n\n\n\n<p>Falls Sie einen gesonderten Wunsch haben, k\u00f6nnen Sie mir jederzeit Fragen oder Vorstellungen dazu schicken und ich schaue ob es in meinem M\u00f6glichkeitsbereich liegt \ud83d\ude0a<\/p>\n\n\n\n<p>Im Bezug auf die Glasmalerei, die Stickbilder und die Zeichnungen werde ich keine \u201eFanarts\u201c kopieren! Ich werde nur offizielle \u201eArtworks\u201c als Referenzen nutzen (z.B. eine Szene aus einem Anime).<\/p>\n\n\n\n<p>Falls ich der Meinung bin, das gew\u00fcnschte Motiv sei zu komplex zum Kreieren, kann es sein, dass ich Alternativen anbiete. Ich stelle keine Werke her, hinter denen ich nicht zu 100 % stehe! Daher kann es auch vorkommen, dass ich eine spezielle Anfrage ablehnen muss.<\/p>\n\n\n\n<h4 class=\"wp-block-heading\"><strong>Bezahlung<\/strong><\/h4>\n\n\n\n<p>Die Bezahlung erfolgt per \u00dcberweisung, PayPal oder Bar. Erst nachdem die Anzahlung get\u00e4tigt wurde, beginne ich mit der Arbeit. Ist der Auftrag fertig, wird der Restbetrag bezahlt und Sie erhalten ihr fertiges Unikat \ud83d\ude0a<\/p>\n\n\n\n<p>Ich freue mich sehr auf ihre Zusammenarbeit &lt;3<\/p>\n","protected":false},"excerpt":{"rendered":"<p>Welche Auftragsarbeiten werden angeboten? Acrylmalerei auf Leinwand Glasmalerei auf Acrylplatten (Rechteckig oder Rund) Macram\u00e9 Arbeiten Handgearbeitete Stickbilder Zeichnungen Wie gebe ich einen Auftrag? Um einen Auftrag bei mir in Bestellung zu geben, nehmen Sie bitte per Email oder Instagram Kontakt zu mir auf. Das Motiv bzw. das gew\u00fcnschte Produkt wird gemeinsam besprochen und ich gebe [&hellip;]<\/p>\n","protected":false},"author":1,"featured_media":0,"parent":0,"menu_order":0,"comment_status":"closed","ping_status":"closed","template":"","meta":{"footnotes":""},"_links":{"self":[{"href":"https:\/\/larella-arts.de\/index.php\/wp-json\/wp\/v2\/pages\/56"}],"collection":[{"href":"https:\/\/larella-arts.de\/index.php\/wp-json\/wp\/v2\/pages"}],"about":[{"href":"https:\/\/larella-arts.de\/index.php\/wp-json\/wp\/v2\/types\/page"}],"author":[{"embeddable":true,"href":"https:\/\/larella-arts.de\/index.php\/wp-json\/wp\/v2\/users\/1"}],"replies":[{"embeddable":true,"href":"https:\/\/larella-arts.de\/index.php\/wp-json\/wp\/v2\/comments?post=56"}],"version-history":[{"count":8,"href":"https:\/\/larella-arts.de\/index.php\/wp-json\/wp\/v2\/pages\/56\/revisions"}],"predecessor-version":[{"id":104,"href":"https:\/\/larella-arts.de\/index.php\/wp-json\/wp\/v2\/pages\/56\/revisions\/104"}],"wp:attachment":[{"href":"https:\/\/larella-arts.de\/index.php\/wp-json\/wp\/v2\/media?parent=56"}],"curies":[{"name":"wp","href":"https:\/\/api.w.org\/{rel}","templated":true}]}}